{"id":176,"date":"2026-03-31T10:12:31","date_gmt":"2026-03-31T08:12:31","guid":{"rendered":"https:\/\/therapiezentrum-kronschnabel.de\/heilpraktiker\/?page_id=176"},"modified":"2026-03-31T10:12:34","modified_gmt":"2026-03-31T08:12:34","slug":"kosten-und-erstattung","status":"publish","type":"page","link":"https:\/\/therapiezentrum-kronschnabel.de\/heilpraktiker\/kosten-und-erstattung\/","title":{"rendered":"Kosten und Erstattung"},"content":{"rendered":"<p>[et_pb_section fb_built=&#8220;1&#8243; _builder_version=&#8220;4.27.5&#8243; _module_preset=&#8220;default&#8220; global_colors_info=&#8220;{}&#8220;][et_pb_row _builder_version=&#8220;4.27.5&#8243; _module_preset=&#8220;default&#8220; global_colors_info=&#8220;{}&#8220;][et_pb_column type=&#8220;4_4&#8243; _builder_version=&#8220;4.27.5&#8243; _module_preset=&#8220;default&#8220; global_colors_info=&#8220;{}&#8220;][et_pb_accordion _builder_version=&#8220;4.27.5&#8243; _module_preset=&#8220;default&#8220; global_colors_info=&#8220;{}&#8220;][et_pb_accordion_item title=&#8220;Kosten und Erstattung&#8220; _builder_version=&#8220;4.27.5&#8243; _module_preset=&#8220;default&#8220; global_colors_info=&#8220;{}&#8220; open=&#8220;on&#8220;]Behandlung Erwachsene         60 Min. \u00e0 120 \u20ac<\/p>\n<p>Behandlung Kinder                   40 Min. \u00e0  60 \u20ac<\/p>\n<p>Osteopathie ist eine Selbstzahlerleistung, welche vom Patienten komplett zu tragen ist.  Erstattungen oder anteilige Kosten\u00fcbernahme siehe unten. Unabh\u00e4ngig von dem Erstattungsverhalten der Krankenkassen, Versicherungen ist die Rechnung vollst\u00e4ndig vom Patienten zu begleichen. Eine etwaige Differenz zwischen des in der Rechnung gestellten Betrages und dem Erstattungsbetrages ist vom Patienten selbst zu tragen.[\/et_pb_accordion_item][et_pb_accordion_item title=&#8220;Geb\u00fcH &#8220; _builder_version=&#8220;4.27.5&#8243; _module_preset=&#8220;default&#8220; global_colors_info=&#8220;{}&#8220; open=&#8220;off&#8220;]Wird die Rechnung nach Geb\u00fcH (Geb\u00fchrenordnung der Heilpraktiker) gestellt, k\u00f6nnen die hier vorliegenden Preise (siehe oben) variieren.[\/et_pb_accordion_item][et_pb_accordion_item title=&#8220;Erstattung gesetzliche Krankenkassen &#8220; _builder_version=&#8220;4.27.5&#8243; _module_preset=&#8220;default&#8220; global_colors_info=&#8220;{}&#8220; open=&#8220;off&#8220;]Erstattung \u00fcber die gesetzliche Krankenkassen: Eine anteilige Kosten\u00fcbernahme h\u00e4ngt von den jeweiligen Voraussetzungen der Krankenkassen ab. Oftmals wird hier eine \u00e4rtzliche Verordnung verlangt. Bitte erkundigen sie sich vorab der Behandlung bei ihrer Krankenkasse \u00fcber deren Erstattungsmodalit\u00e4ten[\/et_pb_accordion_item][et_pb_accordion_item title=&#8220;Erstattung private Versicherungen \/ Zusatzversicherungen oder Beihilfe &#8220; _builder_version=&#8220;4.27.5&#8243; _module_preset=&#8220;default&#8220; global_colors_info=&#8220;{}&#8220; open=&#8220;off&#8220;]Eine m\u00f6gliche (anteilige) Kosten\u00fcbernahme h\u00e4ngt hier von den jeweiligen Satzungen der Versicherungen ab und zus\u00e4tzlich vom selbstgew\u00e4hlten Tarif des Patienten. Bitte erkundigen Sie sich vorab der Behandlung bei ihrer Versicherung \u00fcber die Voraussetzungen einer m\u00f6glichen Kosten\u00fcbernahme.[\/et_pb_accordion_item][\/et_pb_accordion][\/et_pb_column][\/et_pb_row][\/et_pb_section]<\/p>\n","protected":false},"excerpt":{"rendered":"<p>Behandlung Erwachsene 60 Min. \u00e0 120 \u20ac Behandlung Kinder 40 Min. \u00e0 60 \u20ac Osteopathie ist eine Selbstzahlerleistung, welche vom Patienten komplett zu tragen ist. Erstattungen oder anteilige Kosten\u00fcbernahme siehe unten. Unabh\u00e4ngig von dem Erstattungsverhalten der Krankenkassen, Versicherungen ist die Rechnung vollst\u00e4ndig vom Patienten zu begleichen. Eine etwaige Differenz zwischen des in der Rechnung gestellten [&hellip;]<\/p>\n","protected":false},"author":1,"featured_media":0,"parent":0,"menu_order":0,"comment_status":"closed","ping_status":"closed","template":"","meta":{"_et_pb_use_builder":"on","_et_pb_old_content":"","_et_gb_content_width":"","footnotes":""},"class_list":["post-176","page","type-page","status-publish","hentry"],"_links":{"self":[{"href":"https:\/\/therapiezentrum-kronschnabel.de\/heilpraktiker\/wp-json\/wp\/v2\/pages\/176","targetHints":{"allow":["GET"]}}],"collection":[{"href":"https:\/\/therapiezentrum-kronschnabel.de\/heilpraktiker\/wp-json\/wp\/v2\/pages"}],"about":[{"href":"https:\/\/therapiezentrum-kronschnabel.de\/heilpraktiker\/wp-json\/wp\/v2\/types\/page"}],"author":[{"embeddable":true,"href":"https:\/\/therapiezentrum-kronschnabel.de\/heilpraktiker\/wp-json\/wp\/v2\/users\/1"}],"replies":[{"embeddable":true,"href":"https:\/\/therapiezentrum-kronschnabel.de\/heilpraktiker\/wp-json\/wp\/v2\/comments?post=176"}],"version-history":[{"count":5,"href":"https:\/\/therapiezentrum-kronschnabel.de\/heilpraktiker\/wp-json\/wp\/v2\/pages\/176\/revisions"}],"predecessor-version":[{"id":182,"href":"https:\/\/therapiezentrum-kronschnabel.de\/heilpraktiker\/wp-json\/wp\/v2\/pages\/176\/revisions\/182"}],"wp:attachment":[{"href":"https:\/\/therapiezentrum-kronschnabel.de\/heilpraktiker\/wp-json\/wp\/v2\/media?parent=176"}],"curies":[{"name":"wp","href":"https:\/\/api.w.org\/{rel}","templated":true}]}}