{"id":2,"date":"2020-08-11T11:47:31","date_gmt":"2020-08-11T09:47:31","guid":{"rendered":"https:\/\/therapiezentrum-kronschnabel.de\/heilpraktiker\/?page_id=2"},"modified":"2026-03-27T10:46:49","modified_gmt":"2026-03-27T09:46:49","slug":"beispiel-seite","status":"publish","type":"page","link":"https:\/\/therapiezentrum-kronschnabel.de\/heilpraktiker\/","title":{"rendered":"Osteopathie"},"content":{"rendered":"<p>[et_pb_section fb_built=&#8220;1&#8243; _builder_version=&#8220;4.16&#8243; global_colors_info=&#8220;{}&#8220;][et_pb_row use_custom_gutter=&#8220;on&#8220; gutter_width=&#8220;1&#8243; make_equal=&#8220;on&#8220; _builder_version=&#8220;4.27.4&#8243; _module_preset=&#8220;default&#8220; max_width=&#8220;1280px&#8220; global_colors_info=&#8220;{}&#8220;][et_pb_column type=&#8220;4_4&#8243; _builder_version=&#8220;4.27.4&#8243; _module_preset=&#8220;default&#8220; global_colors_info=&#8220;{}&#8220;][et_pb_slider show_pagination=&#8220;off&#8220; _builder_version=&#8220;4.27.5&#8243; _module_preset=&#8220;default&#8220; auto=&#8220;on&#8220; hover_enabled=&#8220;0&#8243; border_radii_image=&#8220;on|15px|15px|15px|15px&#8220; box_shadow_style_image=&#8220;preset2&#8243; box_shadow_color_image=&#8220;rgba(255,255,255,0.18)&#8220; global_colors_info=&#8220;{}&#8220; sticky_enabled=&#8220;0&#8243;][et_pb_slide heading=&#8220;Herzlich Willkommen&#8220; image=&#8220;https:\/\/therapiezentrum-kronschnabel.de\/heilpraktiker\/wp-content\/uploads\/sites\/3\/2025\/11\/praxis-4-6-scaled.jpg&#8220; use_bg_overlay=&#8220;off&#8220; use_text_overlay=&#8220;off&#8220; _builder_version=&#8220;4.27.5&#8243; _module_preset=&#8220;default&#8220; header_font=&#8220;Times New Roman||||||||&#8220; body_font=&#8220;Times New Roman||||||||&#8220; body_font_size=&#8220;22px&#8220; background_color=&#8220;#52784b&#8220; background_enable_color=&#8220;on&#8220; custom_padding=&#8220;||||false|false&#8220; hover_enabled=&#8220;0&#8243; global_colors_info=&#8220;{}&#8220; sticky_transition=&#8220;on&#8220; sticky_enabled=&#8220;0&#8243;]<\/p>\n<p>in meiner Heilpraktiker Praxis f\u00fcr Osteopathie<br \/>in Osterhofen.<\/p>\n<p><em>Werner Kronschnabel, Heilpraktiker<\/em><\/p>\n<p>[\/et_pb_slide][\/et_pb_slider][\/et_pb_column][\/et_pb_row][et_pb_row _builder_version=&#8220;4.16&#8243; background_size=&#8220;initial&#8220; background_position=&#8220;top_left&#8220; background_repeat=&#8220;repeat&#8220; global_colors_info=&#8220;{}&#8220;][et_pb_column type=&#8220;4_4&#8243; _builder_version=&#8220;4.16&#8243; custom_padding=&#8220;|||&#8220; global_colors_info=&#8220;{}&#8220; custom_padding__hover=&#8220;|||&#8220;][et_pb_testimonial author=&#8220;Hippokrates&#8220; _builder_version=&#8220;4.27.4&#8243; _module_preset=&#8220;default&#8220; body_font=&#8220;Times New Roman||||||||&#8220; body_font_size=&#8220;20px&#8220; author_font=&#8220;Times New Roman|700|on||||||&#8220; author_font_size=&#8220;18px&#8220; width=&#8220;70%&#8220; module_alignment=&#8220;center&#8220; custom_margin=&#8220;||53px|||&#8220; body_text_color_tablet=&#8220;&#8220; body_text_color_phone=&#8220;&#8220; body_text_color_last_edited=&#8220;on|desktop&#8220; body_font_size_tablet=&#8220;20px&#8220; body_font_size_phone=&#8220;16px&#8220; body_font_size_last_edited=&#8220;on|phone&#8220; locked=&#8220;off&#8220; global_colors_info=&#8220;{}&#8220;]<\/p>\n<p>Zur Heilung des menschlichen K\u00f6rpers ist das Wissen um die Ganzheit der Dinge notwendig<\/p>\n<p>[\/et_pb_testimonial][et_pb_text _builder_version=&#8220;4.27.4&#8243; _module_preset=&#8220;default&#8220; text_font=&#8220;Times New Roman||||||||&#8220; text_text_color=&#8220;#7a7a7a&#8220; text_font_size=&#8220;22px&#8220; header_font=&#8220;Times New Roman||||||||&#8220; header_2_font=&#8220;Times New Roman||||||||&#8220; header_2_text_color=&#8220;#52784b&#8220; header_2_font_size=&#8220;28px&#8220; text_orientation=&#8220;center&#8220; text_font_size_tablet=&#8220;22px&#8220; text_font_size_phone=&#8220;18px&#8220; text_font_size_last_edited=&#8220;on|phone&#8220; global_colors_info=&#8220;{}&#8220;]<\/p>\n<h2>Meine Philosophie<\/h2>\n<p>In meinen Behandlungen lege ich, wie Hippokrates philosophierte, auf die Wahrnehmung der Ganzheitlichkeit des Menschen wert.<\/p>\n<p>[\/et_pb_text][\/et_pb_column][\/et_pb_row][\/et_pb_section]<\/p>\n","protected":false},"excerpt":{"rendered":"<p>in meiner Heilpraktiker Praxis f\u00fcr Osteopathiein Osterhofen. Werner Kronschnabel, HeilpraktikerZur Heilung des menschlichen K\u00f6rpers ist das Wissen um die Ganzheit der Dinge notwendigMeine Philosophie In meinen Behandlungen lege ich, wie Hippokrates philosophierte, auf die Wahrnehmung der Ganzheitlichkeit des Menschen wert.<\/p>\n","protected":false},"author":1,"featured_media":0,"parent":0,"menu_order":0,"comment_status":"closed","ping_status":"open","template":"","meta":{"_et_pb_use_builder":"on","_et_pb_old_content":"<!-- wp:paragraph -->\r\n<p>Dies ist eine Beispiel-Seite. Sie unterscheidet sich von Beitr\u00e4gen, da sie stets an derselben Stelle bleibt und (bei den meisten Themes) in der Website-Navigation angezeigt wird. Die meisten starten mit einem Impressum, der Datenschutzerkl\u00e4rung oder einer \u201e\u00dcber\u00a0uns\u201c-Seite, um sich potenziellen Besuchern der Website vorzustellen. Dort k\u00f6nnte zum Beispiel stehen:<\/p>\r\n<!-- \/wp:paragraph --><!-- wp:quote -->\r\n<blockquote class=\"wp-block-quote\">\r\n<p>Hallo! Tags\u00fcber arbeite ich als Fahrradkurier, nachts bin ich ein aufstrebender Schauspieler und dies hier ist meine Website. Ich lebe in Berlin, habe einen gro\u00dfen Hund namens Jack, mag Pi\u00f1a Coladas, jedoch weniger (ohne Schirm) im Regen stehen gelassen zu werden.<\/p>\r\n<\/blockquote>\r\n<!-- \/wp:quote --><!-- wp:paragraph -->\r\n<p>...oder so etwas wie das hier:<\/p>\r\n<!-- \/wp:paragraph --><!-- wp:quote -->\r\n<blockquote class=\"wp-block-quote\">\r\n<p>Das Unternehmen XYZ wurde 1971 gegr\u00fcndet und versorgt die \u00d6ffentlichkeit seither mit qualitativ hochwertigen Produkten. An seinem Standort in einer kleinen Gro\u00dfstadt besch\u00e4ftigt der Betrieb \u00fcber 2.000 Menschen und unterst\u00fctzt die Stadtbewohner in vielfacher Hinsicht.<\/p>\r\n<\/blockquote>\r\n<!-- \/wp:quote --><!-- wp:paragraph -->\r\n<p>Als neuer WordPress-Benutzer solltest du <a href=\"https:\/\/therapiezentrum-kronschnabel.de\/heilpraktiker\/wp-admin\/\">dein Dashboard<\/a> aufrufen, um diese Seite zu l\u00f6schen und neue Seiten und Beitr\u00e4ge f\u00fcr deine Website erstellen. Viel Spa\u00df!<\/p>\r\n<!-- \/wp:paragraph -->","_et_gb_content_width":"","footnotes":""},"class_list":["post-2","page","type-page","status-publish","hentry"],"_links":{"self":[{"href":"https:\/\/therapiezentrum-kronschnabel.de\/heilpraktiker\/wp-json\/wp\/v2\/pages\/2","targetHints":{"allow":["GET"]}}],"collection":[{"href":"https:\/\/therapiezentrum-kronschnabel.de\/heilpraktiker\/wp-json\/wp\/v2\/pages"}],"about":[{"href":"https:\/\/therapiezentrum-kronschnabel.de\/heilpraktiker\/wp-json\/wp\/v2\/types\/page"}],"author":[{"embeddable":true,"href":"https:\/\/therapiezentrum-kronschnabel.de\/heilpraktiker\/wp-json\/wp\/v2\/users\/1"}],"replies":[{"embeddable":true,"href":"https:\/\/therapiezentrum-kronschnabel.de\/heilpraktiker\/wp-json\/wp\/v2\/comments?post=2"}],"version-history":[{"count":8,"href":"https:\/\/therapiezentrum-kronschnabel.de\/heilpraktiker\/wp-json\/wp\/v2\/pages\/2\/revisions"}],"predecessor-version":[{"id":173,"href":"https:\/\/therapiezentrum-kronschnabel.de\/heilpraktiker\/wp-json\/wp\/v2\/pages\/2\/revisions\/173"}],"wp:attachment":[{"href":"https:\/\/therapiezentrum-kronschnabel.de\/heilpraktiker\/wp-json\/wp\/v2\/media?parent=2"}],"curies":[{"name":"wp","href":"https:\/\/api.w.org\/{rel}","templated":true}]}}