{"id":23,"date":"2020-08-19T15:02:49","date_gmt":"2020-08-19T13:02:49","guid":{"rendered":"https:\/\/therapiezentrum-kronschnabel.de\/heilpraktiker\/?page_id=23"},"modified":"2026-04-17T09:39:21","modified_gmt":"2026-04-17T07:39:21","slug":"mein-angebot","status":"publish","type":"page","link":"https:\/\/therapiezentrum-kronschnabel.de\/heilpraktiker\/mein-angebot\/","title":{"rendered":"Mein Angebot"},"content":{"rendered":"<p>[et_pb_section fb_built=&#8220;1&#8243; _builder_version=&#8220;4.16&#8243; _module_preset=&#8220;default&#8220; global_colors_info=&#8220;{}&#8220;][et_pb_row _builder_version=&#8220;4.27.4&#8243; _module_preset=&#8220;default&#8220; global_colors_info=&#8220;{}&#8220;][et_pb_column type=&#8220;4_4&#8243; _builder_version=&#8220;4.27.4&#8243; _module_preset=&#8220;default&#8220; global_colors_info=&#8220;{}&#8220;][et_pb_accordion _builder_version=&#8220;4.27.5&#8243; _module_preset=&#8220;default&#8220; hover_enabled=&#8220;0&#8243; global_colors_info=&#8220;{}&#8220; sticky_enabled=&#8220;0&#8243;][et_pb_accordion_item title=&#8220;Osteopathie von Schwangeren&#8220; open=&#8220;on&#8220; _builder_version=&#8220;4.27.5&#8243; _module_preset=&#8220;default&#8220; global_colors_info=&#8220;{}&#8220;]<\/p>\n<p>Gerne begleite ich Sie in der Zeit Ihrer Schwangerschaft. Mit sanften osteopathischen Handgriffen versuche ich eventuellen Beeintr\u00e4chtigungen in der Schwangerschaft entgegenzuwirken und zu Ihrem pers\u00f6nlichen Wohlbefinden beizutragen.<\/p>\n<p>[\/et_pb_accordion_item][et_pb_accordion_item title=&#8220;Osteopathie von S\u00e4uglingen und Kindern&#8220; open=&#8220;off&#8220; _builder_version=&#8220;4.27.5&#8243; _module_preset=&#8220;default&#8220; global_colors_info=&#8220;{}&#8220;]<\/p>\n<p>Osteopathie ist ebenfalls f\u00fcr S\u00e4uglinge, Kinder und Teenager geeignet. Dabei wird die Behandlung nach den individuellen Bed\u00fcrfnissen des Kindes ausgerichtet. Durch sanfte Grifftechniken soll der S\u00e4ugling, das Kind in seiner nat\u00fcrlichen Entwicklung unterst\u00fctzt und die k\u00f6rpereigene Balance wiederhergestellt werden.<\/p>\n<p>[\/et_pb_accordion_item][et_pb_accordion_item title=&#8220;Biodynamische Osteopathie&#8220; _builder_version=&#8220;4.27.5&#8243; _module_preset=&#8220;default&#8220; hover_enabled=&#8220;0&#8243; global_colors_info=&#8220;{}&#8220; open=&#8220;off&#8220; sticky_enabled=&#8220;0&#8243;]<\/p>\n<p>In der biodynamischen Osteopathie liegt der Fokus auf der nat\u00fcrlichen Selbstregulierung des K\u00f6rpers. Durch Einbezug des k\u00f6rpereigenen Rhythmus und Kr\u00e4fte soll das Gleichgewicht im K\u00f6rper wieder hergestellt werden.<\/p>\n<p>[\/et_pb_accordion_item][et_pb_accordion_item title=&#8220;Craniosakrale Osteopathie&#8220; _builder_version=&#8220;4.27.5&#8243; _module_preset=&#8220;default&#8220; global_colors_info=&#8220;{}&#8220; open=&#8220;off&#8220;]<\/p>\n<p>In der Craniosakralen Osteopathie (Cranium: Sch\u00e4del &#8211; Sakral: Kreuzbein) sollen durch sanfte Handgriffe auf die Funktion des zentralen Nervensystems Einfluss genommen werden. Diese regulative Behandlungsmethode kann bei verschiedenen Beschwerdebildern zum Einsatz kommen. Sprechen sie mich gerne drauf an.<\/p>\n<p>[\/et_pb_accordion_item][et_pb_accordion_item title=&#8220;Tiefencranio &#038; Organsprache&#8220; _builder_version=&#8220;4.27.5&#8243; _module_preset=&#8220;default&#8220; hover_enabled=&#8220;0&#8243; global_colors_info=&#8220;{}&#8220; open=&#8220;off&#8220; sticky_enabled=&#8220;0&#8243;]<\/p>\n<p>Tiefencranio (Cranium: Sch\u00e4del) ist eine Form der Osteopathie in der der Fokus noch st\u00e4rker auf der Verbindung zwischen der Psyche (Geist, Seele) und dem K\u00f6rper, den Organen liegt. Man geht hier davon aus, dass bestimmte K\u00f6rperregionen und Organe mit verschiedenen Hirn &#8211; Arealen und Gef\u00fchlen in Beziehung stehen.<\/p>\n<p>[\/et_pb_accordion_item][et_pb_accordion_item title=&#8220;Osteopathie bei Krebs&#8220; _builder_version=&#8220;4.27.5&#8243; _module_preset=&#8220;default&#8220; hover_enabled=&#8220;0&#8243; global_colors_info=&#8220;{}&#8220; open=&#8220;off&#8220; sticky_enabled=&#8220;0&#8243;]<\/p>\n<p>Osteopathie kann bei Krebs als erg\u00e4nzende Behandlungsmethode zur schulmedizinischen Betreuung angewandt werden, um z.B. die individuellen Selbstregulationskr\u00e4fte des K\u00f6rpers anzuregen. Sollten Sie sich auf Grund Ihres pers\u00f6nlichen Beschwerdebildes bereits in medizinischer Behandlung befinden, kl\u00e4ren Sie bitte im Vorfeld mit Ihrem Arzt, ob eine osteopathische Behandlung m\u00f6glich ist. Gerne begleite ich Sie w\u00e4hrend oder nach Ihrer Therapie.<\/p>\n<p>[\/et_pb_accordion_item][et_pb_accordion_item title=&#8220;Naturheilverfahren&#8220; _builder_version=&#8220;4.27.5&#8243; _module_preset=&#8220;default&#8220; hover_enabled=&#8220;0&#8243; global_colors_info=&#8220;{}&#8220; open=&#8220;off&#8220; sticky_enabled=&#8220;0&#8243;]<\/p>\n<p>Sowohl mit Komplexmitteln als auch Nahrungserg\u00e4nzungsmitteln und Ern\u00e4hrungsberatung und weiteren Methoden unterst\u00fctze ich Sie gerne.<\/p>\n<p>[\/et_pb_accordion_item][et_pb_accordion_item title=&#8220;Akupunktmassage nach Penzel (APM)&#8220; _builder_version=&#8220;4.27.5&#8243; _module_preset=&#8220;default&#8220; hover_enabled=&#8220;0&#8243; global_colors_info=&#8220;{}&#8220; open=&#8220;off&#8220; sticky_enabled=&#8220;0&#8243;]<\/p>\n<p>Dies ist eine alternative Behandlungsmethode und Bestandteil der traditionellen chinesischen Therapie. Man geht hier davon aus, dass die inneren Organe \u00fcber Leitbahnen, den Meridianen, mit Lebensenergie versorgt wird. Die Meridiantherapie basiert auf den Prinzipien der Akupunkturlehre, kommt jedoch ohne Nadeln aus.<\/p>\n<p>[\/et_pb_accordion_item][et_pb_accordion_item title=&#8220;Power \u2013 Life \u2013 Scan \/ Quantentherapie&#8220; _builder_version=&#8220;4.27.5&#8243; _module_preset=&#8220;default&#8220; global_colors_info=&#8220;{}&#8220; open=&#8220;off&#8220;]<\/p>\n<p>Die energetische Informationsanalyse soll eine ganzheitliche Betrachtung des K\u00f6rpers erm\u00f6glichen. Erkenntnisse aus der Bio- und Quantenphysik bilden hierf\u00fcr die Grundlage. Die Analyse basiert auf dem Resonanz \u2013 Frequenz \u2013 Verfahren.<\/p>\n<p>[\/et_pb_accordion_item][\/et_pb_accordion][\/et_pb_column][\/et_pb_row][\/et_pb_section]<\/p>\n","protected":false},"excerpt":{"rendered":"<p>Gerne begleite ich Sie in der Zeit Ihrer Schwangerschaft. Mit sanften osteopathischen Handgriffen versuche ich eventuellen Beeintr\u00e4chtigungen in der Schwangerschaft entgegenzuwirken und zu Ihrem pers\u00f6nlichen Wohlbefinden beizutragen.Osteopathie ist ebenfalls f\u00fcr S\u00e4uglinge, Kinder und Teenager geeignet. Dabei wird die Behandlung nach den individuellen Bed\u00fcrfnissen des Kindes ausgerichtet. Durch sanfte Grifftechniken soll der S\u00e4ugling, das Kind in [&hellip;]<\/p>\n","protected":false},"author":1,"featured_media":0,"parent":0,"menu_order":0,"comment_status":"closed","ping_status":"closed","template":"","meta":{"_et_pb_use_builder":"on","_et_pb_old_content":"","_et_gb_content_width":"","footnotes":""},"class_list":["post-23","page","type-page","status-publish","hentry"],"_links":{"self":[{"href":"https:\/\/therapiezentrum-kronschnabel.de\/heilpraktiker\/wp-json\/wp\/v2\/pages\/23","targetHints":{"allow":["GET"]}}],"collection":[{"href":"https:\/\/therapiezentrum-kronschnabel.de\/heilpraktiker\/wp-json\/wp\/v2\/pages"}],"about":[{"href":"https:\/\/therapiezentrum-kronschnabel.de\/heilpraktiker\/wp-json\/wp\/v2\/types\/page"}],"author":[{"embeddable":true,"href":"https:\/\/therapiezentrum-kronschnabel.de\/heilpraktiker\/wp-json\/wp\/v2\/users\/1"}],"replies":[{"embeddable":true,"href":"https:\/\/therapiezentrum-kronschnabel.de\/heilpraktiker\/wp-json\/wp\/v2\/comments?post=23"}],"version-history":[{"count":8,"href":"https:\/\/therapiezentrum-kronschnabel.de\/heilpraktiker\/wp-json\/wp\/v2\/pages\/23\/revisions"}],"predecessor-version":[{"id":187,"href":"https:\/\/therapiezentrum-kronschnabel.de\/heilpraktiker\/wp-json\/wp\/v2\/pages\/23\/revisions\/187"}],"wp:attachment":[{"href":"https:\/\/therapiezentrum-kronschnabel.de\/heilpraktiker\/wp-json\/wp\/v2\/media?parent=23"}],"curies":[{"name":"wp","href":"https:\/\/api.w.org\/{rel}","templated":true}]}}