{"id":58,"date":"2025-05-13T10:27:07","date_gmt":"2025-05-13T08:27:07","guid":{"rendered":"https:\/\/therapiezentrum-kronschnabel.de\/physiotherapie\/?page_id=58"},"modified":"2026-04-17T09:30:05","modified_gmt":"2026-04-17T07:30:05","slug":"unser-angebot","status":"publish","type":"page","link":"https:\/\/therapiezentrum-kronschnabel.de\/physiotherapie\/unser-angebot\/","title":{"rendered":"Unser Angebot"},"content":{"rendered":"<p>[et_pb_section fb_built=&#8220;1&#8243; _builder_version=&#8220;4.16&#8243; global_colors_info=&#8220;{}&#8220;][et_pb_row _builder_version=&#8220;4.16&#8243; background_size=&#8220;initial&#8220; background_position=&#8220;top_left&#8220; background_repeat=&#8220;repeat&#8220; global_colors_info=&#8220;{}&#8220;][et_pb_column type=&#8220;4_4&#8243; _builder_version=&#8220;4.16&#8243; custom_padding=&#8220;|||&#8220; global_colors_info=&#8220;{}&#8220; custom_padding__hover=&#8220;|||&#8220;][et_pb_text _builder_version=&#8220;4.27.5&#8243; _module_preset=&#8220;default&#8220; header_font=&#8220;|||on|||||&#8220; header_font_size=&#8220;25px&#8220; global_colors_info=&#8220;{}&#8220;]<\/p>\n<h1>Unser Angebot<\/h1>\n<p>[\/et_pb_text][et_pb_accordion _builder_version=&#8220;4.27.5&#8243; _module_preset=&#8220;default&#8220; hover_enabled=&#8220;0&#8243; global_colors_info=&#8220;{}&#8220; sticky_enabled=&#8220;0&#8243;][et_pb_accordion_item title=&#8220;Physiotherapie \/ Krankengymnastik&#8220; open=&#8220;on&#8220; _builder_version=&#8220;4.27.5&#8243; _module_preset=&#8220;default&#8220; hover_enabled=&#8220;0&#8243; global_colors_info=&#8220;{}&#8220; sticky_enabled=&#8220;0&#8243;]<\/p>\n<p>Physiotherapie ist ein medizinisches Behandlungsverfahren, dessen Fokus auf m\u00f6gliche Problematiken des Bewegungsapparates liegt.<\/p>\n<p>[\/et_pb_accordion_item][et_pb_accordion_item title=&#8220;Manuelle Therapie&#8220; _builder_version=&#8220;4.27.5&#8243; _module_preset=&#8220;default&#8220; global_colors_info=&#8220;{}&#8220; open=&#8220;off&#8220;]<\/p>\n<p>Grundlage der Manuellen Therapie sind spezielle Handgriffe und Mobilisationstechniken. Durch diese k\u00f6nnen m\u00f6gliche Funktionsbeeintr\u00e4chtigiungen des Bewegungsapparats untersucht und behandlet werden.<\/p>\n<p>[\/et_pb_accordion_item][et_pb_accordion_item title=&#8220;Krankengymnastik Zentrales Nervensystem nach Bobath (KG ZNS n. Bobath)&#8220; _builder_version=&#8220;4.27.5&#8243; _module_preset=&#8220;default&#8220; global_colors_info=&#8220;{}&#8220; open=&#8220;off&#8220;]<\/p>\n<p>Bei KG ZNS n. Bobath handelt es sich um ein ganzheitliches und individuelles Behandlungskonzept, welches seinen Fokus auf m\u00f6gliche Beieintr\u00e4chtigungen des Zentralnervensystems ZNS legt.<\/p>\n<p>[\/et_pb_accordion_item][et_pb_accordion_item title=&#8220;Sportphysiotherapie&#8220; _builder_version=&#8220;4.27.5&#8243; _module_preset=&#8220;default&#8220; hover_enabled=&#8220;0&#8243; global_colors_info=&#8220;{}&#8220; open=&#8220;off&#8220; sticky_enabled=&#8220;0&#8243;]<\/p>\n<p>W\u00e4hrend normale Physiotherapie allgemein zum individuellen Wohlbefinden der Patienten beitragen m\u00f6chte, fokussiert sich die Sportphysiotherapie auf die Bed\u00fcrfnisse von Athleten, Sportlern oder Mannschaften.<\/p>\n<p>[\/et_pb_accordion_item][et_pb_accordion_item title=&#8220;Lymphdrainage&#8220; _builder_version=&#8220;4.27.4&#8243; _module_preset=&#8220;default&#8220; global_colors_info=&#8220;{}&#8220; open=&#8220;off&#8220;]<\/p>\n<p><span>Durch sanfte und rhythmische Bewegungen wird die Fl\u00fcssigkeit in den Lymphbahnen zum Abfluss angeregt.<\/span><\/p>\n<p>[\/et_pb_accordion_item][et_pb_accordion_item title=&#8220;Osteopathie&#8220; _builder_version=&#8220;4.27.5&#8243; _module_preset=&#8220;default&#8220; global_colors_info=&#8220;{}&#8220; open=&#8220;off&#8220;]<\/p>\n<p><span>In der Osteopathie &#8211; durchgef\u00fchrt durch Werner Kronschnabel, <a href=\"https:\/\/therapiezentrum-kronschnabel.de\/heilpraktiker\/\">Heilpraktiker<\/a> &#8211; ist der Ansatz den Menschen in seiner Ganzheitlichkeit wahrzunehmen und zu behandeln.\u00a0<\/span><\/p>\n<p>[\/et_pb_accordion_item][et_pb_accordion_item title=&#8220;Kinesio-Tape&#8220; _builder_version=&#8220;4.27.5&#8243; _module_preset=&#8220;default&#8220; global_colors_info=&#8220;{}&#8220; open=&#8220;off&#8220;]<\/p>\n<p>Das Kinesio &#8211; Tape, ein elastisches Klebeband, wird im Bereich des Bewegungsapparats angewandt und soll der Unterst\u00fctzung, Stabilit\u00e4t und Bewegungsfreiheit dienen.<\/p>\n<p>[\/et_pb_accordion_item][et_pb_accordion_item title=&#8220;Arthrotun Hybridfeld Therapie&#8220; _builder_version=&#8220;4.27.5&#8243; _module_preset=&#8220;default&#8220; global_colors_info=&#8220;{}&#8220; open=&#8220;off&#8220;]<\/p>\n<p>Arthrotun Hybridfeld Therapie ist eine alternative Behandlungsmethode, welche mittels einem Ger\u00e4t, das drei biologisch wirksame Felder nutzt, zum Beispiel Einfluss auf die Durchblutung, Stoffwechsel- und Zellvorg\u00e4nge und die Lymphzirkulation im Gewebe nehmen soll.<\/p>\n<p>[\/et_pb_accordion_item][et_pb_accordion_item title=&#8220;weitere Sekund\u00e4rbehandlungen&#8220; _builder_version=&#8220;4.27.5&#8243; _module_preset=&#8220;default&#8220; global_colors_info=&#8220;{}&#8220; open=&#8220;off&#8220;]<\/p>\n<p>Elektrotherapie (Therapieform mittels Strom)<\/p>\n<p>W\u00e4rmetherapie \/ Warmpackung (Fango &#8211; Naturmoor)<\/p>\n<p>Ultraschalltherapie (Therapieform mittels Strom)<\/p>\n<p>K\u00e4ltetherapie (Therapieform mit Eispacks)<\/p>\n<p>Traktion (Therapieform, welche mit Zug oder Dehnen auf den Bewegungsapparat einwirkt. Die Durchf\u00fchrung erfolgt Manuell durch den Therapeuten oder mit speziellen Ger\u00e4ten)<\/p>\n<p>Schlingentisch (Behandlungsform mittels Schlingen und Seilz\u00fcgen zur Entlastung von Gelenken und Wirbels\u00e4ulen)<\/p>\n<p>[\/et_pb_accordion_item][\/et_pb_accordion][\/et_pb_column][\/et_pb_row][et_pb_row _builder_version=&#8220;4.27.5&#8243; _module_preset=&#8220;default&#8220; global_colors_info=&#8220;{}&#8220;][et_pb_column type=&#8220;4_4&#8243; _builder_version=&#8220;4.27.5&#8243; _module_preset=&#8220;default&#8220; global_colors_info=&#8220;{}&#8220;][\/et_pb_column][\/et_pb_row][\/et_pb_section]<\/p>\n","protected":false},"excerpt":{"rendered":"<p>Unser AngebotPhysiotherapie ist ein medizinisches Behandlungsverfahren, dessen Fokus auf m\u00f6gliche Problematiken des Bewegungsapparates liegt.Grundlage der Manuellen Therapie sind spezielle Handgriffe und Mobilisationstechniken. Durch diese k\u00f6nnen m\u00f6gliche Funktionsbeeintr\u00e4chtigiungen des Bewegungsapparats untersucht und behandlet werden.Bei KG ZNS n. Bobath handelt es sich um ein ganzheitliches und individuelles Behandlungskonzept, welches seinen Fokus auf m\u00f6gliche Beieintr\u00e4chtigungen des Zentralnervensystems ZNS [&hellip;]<\/p>\n","protected":false},"author":1,"featured_media":0,"parent":0,"menu_order":0,"comment_status":"closed","ping_status":"closed","template":"","meta":{"_et_pb_use_builder":"on","_et_pb_old_content":"","_et_gb_content_width":"","footnotes":""},"class_list":["post-58","page","type-page","status-publish","hentry"],"_links":{"self":[{"href":"https:\/\/therapiezentrum-kronschnabel.de\/physiotherapie\/wp-json\/wp\/v2\/pages\/58","targetHints":{"allow":["GET"]}}],"collection":[{"href":"https:\/\/therapiezentrum-kronschnabel.de\/physiotherapie\/wp-json\/wp\/v2\/pages"}],"about":[{"href":"https:\/\/therapiezentrum-kronschnabel.de\/physiotherapie\/wp-json\/wp\/v2\/types\/page"}],"author":[{"embeddable":true,"href":"https:\/\/therapiezentrum-kronschnabel.de\/physiotherapie\/wp-json\/wp\/v2\/users\/1"}],"replies":[{"embeddable":true,"href":"https:\/\/therapiezentrum-kronschnabel.de\/physiotherapie\/wp-json\/wp\/v2\/comments?post=58"}],"version-history":[{"count":19,"href":"https:\/\/therapiezentrum-kronschnabel.de\/physiotherapie\/wp-json\/wp\/v2\/pages\/58\/revisions"}],"predecessor-version":[{"id":155,"href":"https:\/\/therapiezentrum-kronschnabel.de\/physiotherapie\/wp-json\/wp\/v2\/pages\/58\/revisions\/155"}],"wp:attachment":[{"href":"https:\/\/therapiezentrum-kronschnabel.de\/physiotherapie\/wp-json\/wp\/v2\/media?parent=58"}],"curies":[{"name":"wp","href":"https:\/\/api.w.org\/{rel}","templated":true}]}}