{"id":68,"date":"2025-05-14T09:34:44","date_gmt":"2025-05-14T07:34:44","guid":{"rendered":"https:\/\/therapiezentrum-kronschnabel.de\/physiotherapie\/?page_id=68"},"modified":"2026-03-31T09:31:39","modified_gmt":"2026-03-31T07:31:39","slug":"das-sind-wir","status":"publish","type":"page","link":"https:\/\/therapiezentrum-kronschnabel.de\/physiotherapie\/das-sind-wir\/","title":{"rendered":"Das sind wir"},"content":{"rendered":"<p>[et_pb_section fb_built=&#8220;1&#8243; _builder_version=&#8220;4.16&#8243; custom_padding=&#8220;||13px|||&#8220; global_colors_info=&#8220;{}&#8220;][et_pb_row _builder_version=&#8220;4.16&#8243; background_size=&#8220;initial&#8220; background_position=&#8220;top_left&#8220; background_repeat=&#8220;repeat&#8220; global_colors_info=&#8220;{}&#8220;][et_pb_column type=&#8220;4_4&#8243; _builder_version=&#8220;4.16&#8243; custom_padding=&#8220;|||&#8220; global_colors_info=&#8220;{}&#8220; custom_padding__hover=&#8220;|||&#8220;][et_pb_text _builder_version=&#8220;4.27.5&#8243; _module_preset=&#8220;default&#8220; text_font=&#8220;Times New Roman||||||||&#8220; text_font_size=&#8220;22px&#8220; header_2_text_color=&#8220;#52784b&#8220; global_colors_info=&#8220;{}&#8220;]<\/p>\n<h2 style=\"text-align: center;\">DAS SIND WIR<\/h2>\n<p>[\/et_pb_text][\/et_pb_column][\/et_pb_row][et_pb_row _builder_version=&#8220;4.16&#8243; background_size=&#8220;initial&#8220; background_position=&#8220;top_left&#8220; background_repeat=&#8220;repeat&#8220; global_colors_info=&#8220;{}&#8220;][et_pb_column type=&#8220;4_4&#8243; _builder_version=&#8220;4.16&#8243; custom_padding=&#8220;|||&#8220; global_colors_info=&#8220;{}&#8220; custom_padding__hover=&#8220;|||&#8220;][et_pb_text _builder_version=&#8220;4.27.5&#8243; _module_preset=&#8220;default&#8220; text_font=&#8220;Times New Roman||||||||&#8220; text_font_size=&#8220;22px&#8220; header_2_text_color=&#8220;#52784b&#8220; global_colors_info=&#8220;{}&#8220;]<\/p>\n<p style=\"text-align: center;\">Wir haben abgeschlossene Ausbildungen und Fortbildungen in Physiotherapie, Manueller Therapie, Sportphysiotherapie, Krankengymnastik am Zentralen Nervensystem nach Bobath (KG ZNS \u2013 Bobath Erwachsene), Lymphdrainage, Osteopathie durch Werner Kronschnabel, Heilpraktiker<\/p>\n<p>[\/et_pb_text][\/et_pb_column][\/et_pb_row][et_pb_row column_structure=&#8220;1_2,1_2&#8243; _builder_version=&#8220;4.27.4&#8243; _module_preset=&#8220;default&#8220; global_colors_info=&#8220;{}&#8220;][et_pb_column type=&#8220;1_2&#8243; _builder_version=&#8220;4.27.4&#8243; _module_preset=&#8220;default&#8220; global_colors_info=&#8220;{}&#8220;][et_pb_team_member name=&#8220;Werner Kronschnabel Do (SEU)&#8220; position=&#8220;Physiotherapeut, Heilpraktiker mit Schwerpunkt Osteopahtie und Kinderosteopathie&#8220; image_url=&#8220;https:\/\/therapiezentrum-kronschnabel.de\/physiotherapie\/wp-content\/uploads\/sites\/2\/2025\/11\/praxis-4-4-scaled.jpg&#8220; icon_color=&#8220;#E02B20&#8243; _builder_version=&#8220;4.27.5&#8243; _module_preset=&#8220;default&#8220; header_level=&#8220;h2&#8243; header_font=&#8220;Times New Roman||||||||&#8220; header_text_color=&#8220;#52784b&#8220; body_font=&#8220;Times New Roman||||||||&#8220; body_font_size=&#8220;16px&#8220; position_font=&#8220;Times New Roman||on||||||&#8220; position_text_color=&#8220;#7c7c7c&#8220; position_font_size=&#8220;18px&#8220; custom_padding=&#8220;20px|20px|20px|20px|false|false&#8220; border_radii=&#8220;on|15px|15px|15px|15px&#8220; border_width_all=&#8220;2px&#8220; border_color_all=&#8220;#fecb01&#8243; border_style_all=&#8220;dashed&#8220; border_radii_image=&#8220;on|15px|15px|15px|15px&#8220; box_shadow_style=&#8220;preset2&#8243; box_shadow_style_image=&#8220;preset2&#8243; global_colors_info=&#8220;{}&#8220;][\/et_pb_team_member][\/et_pb_column][et_pb_column type=&#8220;1_2&#8243; _builder_version=&#8220;4.27.4&#8243; _module_preset=&#8220;default&#8220; global_colors_info=&#8220;{}&#8220;][et_pb_team_member name=&#8220;Samuel Kronschnabel&#8220; position=&#8220;Physiotherapeut&#8220; image_url=&#8220;https:\/\/therapiezentrum-kronschnabel.de\/physiotherapie\/wp-content\/uploads\/sites\/2\/2025\/11\/praxis-4-2-scaled.jpg&#8220; icon_color=&#8220;#E02B20&#8243; _builder_version=&#8220;4.27.5&#8243; _module_preset=&#8220;default&#8220; header_level=&#8220;h2&#8243; header_font=&#8220;Times New Roman||||||||&#8220; header_text_color=&#8220;#52784b&#8220; body_font=&#8220;Times New Roman||||||||&#8220; body_font_size=&#8220;16px&#8220; position_font=&#8220;Times New Roman||on||||||&#8220; position_text_color=&#8220;#7c7c7c&#8220; position_font_size=&#8220;18px&#8220; custom_padding=&#8220;20px|20px|20px|20px|false|false&#8220; border_radii=&#8220;on|15px|15px|15px|15px&#8220; border_width_all=&#8220;2px&#8220; border_color_all=&#8220;#fecb01&#8243; border_style_all=&#8220;dashed&#8220; border_radii_image=&#8220;on|15px|15px|15px|15px&#8220; box_shadow_style=&#8220;preset2&#8243; box_shadow_style_image=&#8220;preset2&#8243; global_colors_info=&#8220;{}&#8220;][\/et_pb_team_member][\/et_pb_column][\/et_pb_row][et_pb_row column_structure=&#8220;1_2,1_2&#8243; _builder_version=&#8220;4.27.4&#8243; _module_preset=&#8220;default&#8220; global_colors_info=&#8220;{}&#8220;][et_pb_column type=&#8220;1_2&#8243; _builder_version=&#8220;4.27.4&#8243; _module_preset=&#8220;default&#8220; global_colors_info=&#8220;{}&#8220;][et_pb_team_member name=&#8220;Karina Kronschnabel&#8220; position=&#8220;Praxismanagement&#8220; icon_color=&#8220;#E02B20&#8243; _builder_version=&#8220;4.27.5&#8243; _module_preset=&#8220;default&#8220; header_level=&#8220;h2&#8243; header_font=&#8220;Times New Roman||||||||&#8220; header_text_color=&#8220;#52784b&#8220; body_font=&#8220;Times New Roman||||||||&#8220; body_font_size=&#8220;16px&#8220; position_font=&#8220;Times New Roman||on||||||&#8220; position_text_color=&#8220;#7c7c7c&#8220; position_font_size=&#8220;18px&#8220; custom_padding=&#8220;20px|20px|20px|20px|false|false&#8220; hover_enabled=&#8220;0&#8243; border_radii=&#8220;on|15px|15px|15px|15px&#8220; border_width_all=&#8220;2px&#8220; border_color_all=&#8220;#fecb01&#8243; border_style_all=&#8220;dashed&#8220; border_radii_image=&#8220;on|15px|15px|15px|15px&#8220; box_shadow_style=&#8220;preset2&#8243; box_shadow_style_image=&#8220;preset2&#8243; global_colors_info=&#8220;{}&#8220; sticky_enabled=&#8220;0&#8243;][\/et_pb_team_member][\/et_pb_column][et_pb_column type=&#8220;1_2&#8243; _builder_version=&#8220;4.27.4&#8243; _module_preset=&#8220;default&#8220; global_colors_info=&#8220;{}&#8220;][et_pb_team_member name=&#8220;Karl-Heinz Bachhuber&#8220; position=&#8220;Physiotherapeut&#8220; icon_color=&#8220;#E02B20&#8243; _builder_version=&#8220;4.27.5&#8243; _module_preset=&#8220;default&#8220; header_level=&#8220;h2&#8243; header_font=&#8220;Times New Roman||||||||&#8220; header_text_color=&#8220;#52784b&#8220; body_font=&#8220;Times New Roman||||||||&#8220; body_font_size=&#8220;16px&#8220; position_font=&#8220;Times New Roman||on||||||&#8220; position_text_color=&#8220;#7c7c7c&#8220; position_font_size=&#8220;18px&#8220; custom_padding=&#8220;20px|20px|20px|20px|false|false&#8220; hover_enabled=&#8220;0&#8243; border_radii=&#8220;on|15px|15px|15px|15px&#8220; border_width_all=&#8220;2px&#8220; border_color_all=&#8220;#fecb01&#8243; border_style_all=&#8220;dashed&#8220; border_radii_image=&#8220;on|15px|15px|15px|15px&#8220; box_shadow_style=&#8220;preset2&#8243; box_shadow_style_image=&#8220;preset2&#8243; global_colors_info=&#8220;{}&#8220; sticky_enabled=&#8220;0&#8243;][\/et_pb_team_member][\/et_pb_column][\/et_pb_row][et_pb_row column_structure=&#8220;1_2,1_2&#8243; _builder_version=&#8220;4.27.4&#8243; _module_preset=&#8220;default&#8220; global_colors_info=&#8220;{}&#8220;][et_pb_column type=&#8220;1_2&#8243; _builder_version=&#8220;4.27.4&#8243; _module_preset=&#8220;default&#8220; global_colors_info=&#8220;{}&#8220;][et_pb_team_member name=&#8220;Tanja Ebner&#8220; position=&#8220;Physiotherapeutin&#8220; icon_color=&#8220;#E02B20&#8243; _builder_version=&#8220;4.27.5&#8243; _module_preset=&#8220;default&#8220; header_level=&#8220;h2&#8243; header_font=&#8220;Times New Roman||||||||&#8220; header_text_color=&#8220;#52784b&#8220; body_font=&#8220;Times New Roman||||||||&#8220; body_font_size=&#8220;16px&#8220; position_font=&#8220;Times New Roman||on||||||&#8220; position_text_color=&#8220;#7c7c7c&#8220; position_font_size=&#8220;18px&#8220; custom_padding=&#8220;20px|20px|20px|20px|false|false&#8220; hover_enabled=&#8220;0&#8243; border_radii=&#8220;on|15px|15px|15px|15px&#8220; border_width_all=&#8220;2px&#8220; border_color_all=&#8220;#fecb01&#8243; border_style_all=&#8220;dashed&#8220; border_radii_image=&#8220;on|15px|15px|15px|15px&#8220; box_shadow_style=&#8220;preset2&#8243; box_shadow_style_image=&#8220;preset2&#8243; global_colors_info=&#8220;{}&#8220; sticky_enabled=&#8220;0&#8243;][\/et_pb_team_member][\/et_pb_column][et_pb_column type=&#8220;1_2&#8243; _builder_version=&#8220;4.27.4&#8243; _module_preset=&#8220;default&#8220; global_colors_info=&#8220;{}&#8220;][et_pb_team_member name=&#8220;Stefanie G\u00f6gl&#8220; position=&#8220;Physiotherapeutin&#8220; icon_color=&#8220;#E02B20&#8243; _builder_version=&#8220;4.27.5&#8243; _module_preset=&#8220;default&#8220; header_level=&#8220;h2&#8243; header_font=&#8220;Times New Roman||||||||&#8220; header_text_color=&#8220;#52784b&#8220; body_font=&#8220;Times New Roman||||||||&#8220; body_font_size=&#8220;16px&#8220; position_font=&#8220;Times New Roman||on||||||&#8220; position_text_color=&#8220;#7c7c7c&#8220; position_font_size=&#8220;18px&#8220; custom_padding=&#8220;20px|20px|20px|20px|false|false&#8220; hover_enabled=&#8220;0&#8243; border_radii=&#8220;on|15px|15px|15px|15px&#8220; border_width_all=&#8220;2px&#8220; border_color_all=&#8220;#fecb01&#8243; border_style_all=&#8220;dashed&#8220; border_radii_image=&#8220;on|15px|15px|15px|15px&#8220; box_shadow_style=&#8220;preset2&#8243; box_shadow_style_image=&#8220;preset2&#8243; global_colors_info=&#8220;{}&#8220; sticky_enabled=&#8220;0&#8243;][\/et_pb_team_member][\/et_pb_column][\/et_pb_row][et_pb_row column_structure=&#8220;1_2,1_2&#8243; _builder_version=&#8220;4.27.4&#8243; _module_preset=&#8220;default&#8220; global_colors_info=&#8220;{}&#8220;][et_pb_column type=&#8220;1_2&#8243; _builder_version=&#8220;4.27.4&#8243; _module_preset=&#8220;default&#8220; global_colors_info=&#8220;{}&#8220;][et_pb_team_member name=&#8220;Katharina Stark&#8220; position=&#8220;Physiotherapeutin (in Elternzeit)&#8220; icon_color=&#8220;#E02B20&#8243; _builder_version=&#8220;4.27.5&#8243; _module_preset=&#8220;default&#8220; header_level=&#8220;h2&#8243; header_font=&#8220;Times New Roman||||||||&#8220; header_text_color=&#8220;#52784b&#8220; body_font=&#8220;Times New Roman||||||||&#8220; body_font_size=&#8220;16px&#8220; position_font=&#8220;Times New Roman||on||||||&#8220; position_text_color=&#8220;#7c7c7c&#8220; position_font_size=&#8220;18px&#8220; custom_padding=&#8220;20px|20px|20px|20px|false|false&#8220; hover_enabled=&#8220;0&#8243; border_radii=&#8220;on|15px|15px|15px|15px&#8220; border_width_all=&#8220;2px&#8220; border_color_all=&#8220;#fecb01&#8243; border_style_all=&#8220;dashed&#8220; border_radii_image=&#8220;on|15px|15px|15px|15px&#8220; box_shadow_style=&#8220;preset2&#8243; box_shadow_style_image=&#8220;preset2&#8243; global_colors_info=&#8220;{}&#8220; sticky_enabled=&#8220;0&#8243;][\/et_pb_team_member][\/et_pb_column][et_pb_column type=&#8220;1_2&#8243; _builder_version=&#8220;4.27.4&#8243; _module_preset=&#8220;default&#8220; global_colors_info=&#8220;{}&#8220;][et_pb_team_member name=&#8220;Bettina Blechinger&#8220; position=&#8220;Teamassistentin&#8220; icon_color=&#8220;#E02B20&#8243; _builder_version=&#8220;4.27.5&#8243; _module_preset=&#8220;default&#8220; header_level=&#8220;h2&#8243; header_font=&#8220;Times New Roman||||||||&#8220; header_text_color=&#8220;#52784b&#8220; body_font=&#8220;Times New Roman||||||||&#8220; body_font_size=&#8220;16px&#8220; position_font=&#8220;Times New Roman||on||||||&#8220; position_text_color=&#8220;#7c7c7c&#8220; position_font_size=&#8220;18px&#8220; custom_padding=&#8220;20px|20px|20px|20px|false|false&#8220; hover_enabled=&#8220;0&#8243; border_radii=&#8220;on|15px|15px|15px|15px&#8220; border_width_all=&#8220;2px&#8220; border_color_all=&#8220;#fecb01&#8243; border_style_all=&#8220;dashed&#8220; border_radii_image=&#8220;on|15px|15px|15px|15px&#8220; box_shadow_style=&#8220;preset2&#8243; box_shadow_style_image=&#8220;preset2&#8243; global_colors_info=&#8220;{}&#8220; sticky_enabled=&#8220;0&#8243;][\/et_pb_team_member][\/et_pb_column][\/et_pb_row][et_pb_row column_structure=&#8220;1_2,1_2&#8243; _builder_version=&#8220;4.27.4&#8243; _module_preset=&#8220;default&#8220; global_colors_info=&#8220;{}&#8220;][et_pb_column type=&#8220;1_2&#8243; _builder_version=&#8220;4.27.4&#8243; _module_preset=&#8220;default&#8220; global_colors_info=&#8220;{}&#8220;][et_pb_team_member name=&#8220;Anita Schl\u00e4ger&#8220; position=&#8220;Teamassistentin&#8220; icon_color=&#8220;#E02B20&#8243; _builder_version=&#8220;4.27.5&#8243; _module_preset=&#8220;default&#8220; header_level=&#8220;h2&#8243; header_font=&#8220;Times New Roman||||||||&#8220; header_text_color=&#8220;#52784b&#8220; body_font=&#8220;Times New Roman||||||||&#8220; body_font_size=&#8220;16px&#8220; position_font=&#8220;Times New Roman||on||||||&#8220; position_text_color=&#8220;#7c7c7c&#8220; position_font_size=&#8220;18px&#8220; custom_padding=&#8220;20px|20px|20px|20px|false|false&#8220; hover_enabled=&#8220;0&#8243; border_radii=&#8220;on|15px|15px|15px|15px&#8220; border_width_all=&#8220;2px&#8220; border_color_all=&#8220;#fecb01&#8243; border_style_all=&#8220;dashed&#8220; border_radii_image=&#8220;on|15px|15px|15px|15px&#8220; box_shadow_style=&#8220;preset2&#8243; box_shadow_style_image=&#8220;preset2&#8243; global_colors_info=&#8220;{}&#8220; sticky_enabled=&#8220;0&#8243;][\/et_pb_team_member][\/et_pb_column][et_pb_column type=&#8220;1_2&#8243; _builder_version=&#8220;4.27.4&#8243; _module_preset=&#8220;default&#8220; global_colors_info=&#8220;{}&#8220;][\/et_pb_column][\/et_pb_row][\/et_pb_section][et_pb_section fb_built=&#8220;1&#8243; _builder_version=&#8220;4.27.4&#8243; _module_preset=&#8220;default&#8220; custom_padding=&#8220;0px||1px|||&#8220; global_colors_info=&#8220;{}&#8220;][et_pb_row _builder_version=&#8220;4.27.4&#8243; _module_preset=&#8220;default&#8220; custom_padding=&#8220;||8px|||&#8220; global_colors_info=&#8220;{}&#8220;][et_pb_column type=&#8220;4_4&#8243; _builder_version=&#8220;4.27.4&#8243; _module_preset=&#8220;default&#8220; global_colors_info=&#8220;{}&#8220;][et_pb_divider color=&#8220;#fecb01&#8243; divider_style=&#8220;dotted&#8220; divider_weight=&#8220;3px&#8220; _builder_version=&#8220;4.27.4&#8243; _module_preset=&#8220;default&#8220; custom_margin=&#8220;||16px|||&#8220; global_colors_info=&#8220;{}&#8220;][\/et_pb_divider][\/et_pb_column][\/et_pb_row][\/et_pb_section][et_pb_section fb_built=&#8220;1&#8243; _builder_version=&#8220;4.16&#8243; custom_padding=&#8220;1px|||||&#8220; global_colors_info=&#8220;{}&#8220;][et_pb_row column_structure=&#8220;3_5,2_5&#8243; _builder_version=&#8220;4.16&#8243; background_size=&#8220;initial&#8220; background_position=&#8220;top_left&#8220; background_repeat=&#8220;repeat&#8220; global_colors_info=&#8220;{}&#8220;][et_pb_column type=&#8220;3_5&#8243; _builder_version=&#8220;4.16&#8243; custom_padding=&#8220;|||&#8220; global_colors_info=&#8220;{}&#8220; custom_padding__hover=&#8220;|||&#8220;][et_pb_text _builder_version=&#8220;4.27.4&#8243; _module_preset=&#8220;default&#8220; text_font=&#8220;Times New Roman||||||||&#8220; text_font_size=&#8220;23px&#8220; global_colors_info=&#8220;{}&#8220;]<\/p>\n<p style=\"text-align: left;\">Anfahrtsbeschreibung<\/p>\n<p style=\"text-align: left;\">\n<div class=\"brlbs-cmpnt-container brlbs-cmpnt-content-blocker brlbs-cmpnt-with-individual-styles\" data-borlabs-cookie-content-blocker-id=\"google-maps\" data-borlabs-cookie-content=\"PGlmcmFtZSBzcmM9Imh0dHBzOi8vd3d3Lmdvb2dsZS5jb20vbWFwcy9lbWJlZD9wYj0hMW0xOCExbTEyITFtMyExZDIxMDEuMzIyNTU0NDUwOTgxITJkMTMuMDE1OTQ5OTQ0OTg1NzcyITNkNDguNzAzNTIwMjA1OTkyNzchMm0zITFmMCEyZjAhM2YwITNtMiExaTEwMjQhMmk3NjghNGYxMy4xITNtMyExbTIhMXMweDQ3NzUwNjc2YjdhN2Q2NTclM0EweDQwNTk5YjNhNWRkMjM5ODQhMnNLcm9uc2NobmFiZWwlMjBXZXJuZXIlMjBLRyUyMHUuJTIwTWFzc2FnZXByYXhpcyE1ZTEhM20yITFzZGUhMnNkZSE0djE3NDcyMDg5ODA2NjIhNW0yITFzZGUhMnNkZSIgd2lkdGg9IjYwMCIgaGVpZ2h0PSI0NTAiIHN0eWxlPSJib3JkZXI6IDA7IiBhbGxvd2Z1bGxzY3JlZW49IiIgbG9hZGluZz0ibGF6eSIgcmVmZXJyZXJwb2xpY3k9Im5vLXJlZmVycmVyLXdoZW4tZG93bmdyYWRlIj48L2lmcmFtZT4=\">\n<div class=\"brlbs-cmpnt-cb-preset-b brlbs-cmpnt-cb-google-maps\">\n<div class=\"brlbs-cmpnt-cb-thumbnail\" style=\"background-image: url('https:\/\/therapiezentrum-kronschnabel.de\/physiotherapie\/wp-content\/uploads\/borlabs-cookie\/2\/brlbs-cb-google-maps-main.png')\"><\/div>\n<div class=\"brlbs-cmpnt-cb-main\">\n<div class=\"brlbs-cmpnt-cb-content\">\n<p class=\"brlbs-cmpnt-cb-description\">Sie sehen gerade einen Platzhalterinhalt von <strong>Google Maps<\/strong>. Um auf den eigentlichen Inhalt zuzugreifen, klicken Sie auf die Schaltfl\u00e4che unten. Bitte beachten Sie, dass dabei Daten an Drittanbieter weitergegeben werden.<\/p>\n<p> <a class=\"brlbs-cmpnt-cb-provider-toggle\" href=\"#\" data-borlabs-cookie-show-provider-information role=\"button\">Mehr Informationen<\/a> <\/div>\n<div class=\"brlbs-cmpnt-cb-buttons\"> <a class=\"brlbs-cmpnt-cb-btn\" href=\"#\" data-borlabs-cookie-unblock role=\"button\">Inhalt entsperren<\/a> <a class=\"brlbs-cmpnt-cb-btn\" href=\"#\" data-borlabs-cookie-accept-service role=\"button\" style=\"display: inherit\">Erforderlichen Service akzeptieren und Inhalte entsperren<\/a> <\/div>\n<\/p><\/div>\n<\/p><\/div>\n<\/div>\n<p>[\/et_pb_text][\/et_pb_column][et_pb_column type=&#8220;2_5&#8243; _builder_version=&#8220;4.16&#8243; custom_padding=&#8220;|||&#8220; global_colors_info=&#8220;{}&#8220; custom_padding__hover=&#8220;|||&#8220;][et_pb_text _builder_version=&#8220;4.27.4&#8243; _module_preset=&#8220;default&#8220; text_font=&#8220;Times New Roman||||||||&#8220; text_font_size=&#8220;22px&#8220; header_2_font=&#8220;Times New Roman||||||||&#8220; header_2_text_color=&#8220;#52784b&#8220; header_2_font_size=&#8220;28px&#8220; global_colors_info=&#8220;{}&#8220;]<\/p>\n<h2>Unsere R\u00e4ume<\/h2>\n<p>Wir bieten f\u00fcr unsere Kunden sowohl einen rollstuhlgerechten Eingang als auch gro\u00dfz\u00fcgige Behandlungsr\u00e4ume.<\/p>\n<p>Parkpl\u00e4tze sind nat\u00fcrlich ebenso in ausreichender Anzahl vorhanden.<\/p>\n<p>[\/et_pb_text][\/et_pb_column][\/et_pb_row][\/et_pb_section]<\/p>\n","protected":false},"excerpt":{"rendered":"<p>DAS SIND WIRWir haben abgeschlossene Ausbildungen und Fortbildungen in Physiotherapie, Manueller Therapie, Sportphysiotherapie, Krankengymnastik am Zentralen Nervensystem nach Bobath (KG ZNS \u2013 Bobath Erwachsene), Lymphdrainage, Osteopathie durch Werner Kronschnabel, HeilpraktikerAnfahrtsbeschreibung Unsere R\u00e4ume Wir bieten f\u00fcr unsere Kunden sowohl einen rollstuhlgerechten Eingang als auch gro\u00dfz\u00fcgige Behandlungsr\u00e4ume. Parkpl\u00e4tze sind nat\u00fcrlich ebenso in ausreichender Anzahl vorhanden.<\/p>\n","protected":false},"author":1,"featured_media":0,"parent":0,"menu_order":0,"comment_status":"closed","ping_status":"closed","template":"","meta":{"_et_pb_use_builder":"on","_et_pb_old_content":"","_et_gb_content_width":"","footnotes":""},"class_list":["post-68","page","type-page","status-publish","hentry"],"_links":{"self":[{"href":"https:\/\/therapiezentrum-kronschnabel.de\/physiotherapie\/wp-json\/wp\/v2\/pages\/68","targetHints":{"allow":["GET"]}}],"collection":[{"href":"https:\/\/therapiezentrum-kronschnabel.de\/physiotherapie\/wp-json\/wp\/v2\/pages"}],"about":[{"href":"https:\/\/therapiezentrum-kronschnabel.de\/physiotherapie\/wp-json\/wp\/v2\/types\/page"}],"author":[{"embeddable":true,"href":"https:\/\/therapiezentrum-kronschnabel.de\/physiotherapie\/wp-json\/wp\/v2\/users\/1"}],"replies":[{"embeddable":true,"href":"https:\/\/therapiezentrum-kronschnabel.de\/physiotherapie\/wp-json\/wp\/v2\/comments?post=68"}],"version-history":[{"count":16,"href":"https:\/\/therapiezentrum-kronschnabel.de\/physiotherapie\/wp-json\/wp\/v2\/pages\/68\/revisions"}],"predecessor-version":[{"id":154,"href":"https:\/\/therapiezentrum-kronschnabel.de\/physiotherapie\/wp-json\/wp\/v2\/pages\/68\/revisions\/154"}],"wp:attachment":[{"href":"https:\/\/therapiezentrum-kronschnabel.de\/physiotherapie\/wp-json\/wp\/v2\/media?parent=68"}],"curies":[{"name":"wp","href":"https:\/\/api.w.org\/{rel}","templated":true}]}}