{"id":81,"date":"2025-05-14T09:53:59","date_gmt":"2025-05-14T07:53:59","guid":{"rendered":"https:\/\/therapiezentrum-kronschnabel.de\/physiotherapie\/?page_id=81"},"modified":"2025-12-11T10:32:12","modified_gmt":"2025-12-11T09:32:12","slug":"karriere","status":"publish","type":"page","link":"https:\/\/therapiezentrum-kronschnabel.de\/physiotherapie\/karriere\/","title":{"rendered":"Karriere"},"content":{"rendered":"<p>[et_pb_section fb_built=&#8220;1&#8243; _builder_version=&#8220;4.16&#8243; global_colors_info=&#8220;{}&#8220;][et_pb_row _builder_version=&#8220;4.16&#8243; background_size=&#8220;initial&#8220; background_position=&#8220;top_left&#8220; background_repeat=&#8220;repeat&#8220; global_colors_info=&#8220;{}&#8220;][et_pb_column type=&#8220;4_4&#8243; _builder_version=&#8220;4.16&#8243; custom_padding=&#8220;|||&#8220; global_colors_info=&#8220;{}&#8220; custom_padding__hover=&#8220;|||&#8220;][et_pb_text _builder_version=&#8220;4.27.4&#8243; _module_preset=&#8220;default&#8220; text_font=&#8220;Times New Roman||||||||&#8220; text_text_color=&#8220;#7a7a7a&#8220; text_font_size=&#8220;22px&#8220; header_font=&#8220;Times New Roman||||||||&#8220; header_2_font=&#8220;Times New Roman||||||||&#8220; header_2_text_color=&#8220;#52784b&#8220; header_2_font_size=&#8220;28px&#8220; text_orientation=&#8220;center&#8220; text_font_size_tablet=&#8220;22px&#8220; text_font_size_phone=&#8220;17px&#8220; text_font_size_last_edited=&#8220;on|phone&#8220; global_colors_info=&#8220;{}&#8220;]<\/p>\n<h2 style=\"text-align: left;\">Stellenangebot Physiotherapeut<\/h2>\n<p>&nbsp;<\/p>\n<p style=\"text-align: left;\">Hast du auch schon zig Stellenangebote oder Job \u2013 Angebote f\u00fcr Physiotherapeuten durchforstet?<\/p>\n<p style=\"text-align: left;\">Du bist Physiotherapeut (m\/w\/d), hast Fortbildungen in MT \/ LY oder Osteopathie?<\/p>\n<p style=\"text-align: left;\">Du m\u00f6chtest eine Anstellung als Physiotherapeut im Landkreis Deggendorf oder sogar in der Stadt Osterhofen?<\/p>\n<p style=\"text-align: left;\">\u2026 dann haben wir was f\u00fcr dich!<\/p>\n<p style=\"text-align: left;\"><strong>und zwar<\/strong><\/p>\n<ul style=\"text-align: left;\">\n<li>ein motiviertes Team mit bestem Arbeitsklima<\/li>\n<li>helle, freundliche, gro\u00dfz\u00fcgige R\u00e4ume<\/li>\n<li>einen Chef mit offenen Ohren f\u00fcr deine Anliegen<\/li>\n<\/ul>\n<p style=\"text-align: left;\"><strong>wir bieten dir<\/strong><\/p>\n<ul>\n<li style=\"text-align: left;\">eine Willkommenspr\u00e4mie von 3.000 Euro<\/li>\n<li style=\"text-align: left;\">flexible Arbeitszeitmodelle (alles ist m\u00f6glich, auch 4 Tage \/ Woche)<\/li>\n<li style=\"text-align: left;\">ein \u00fcberdurchschnittliches Gehalt<\/li>\n<li style=\"text-align: left;\">einen Zuschu\u00df sowie Sonderurlaub bei Fortbildungen<\/li>\n<li style=\"text-align: left;\">30 (statt 20) Minuten pro Patienten<\/li>\n<li style=\"text-align: left;\">eine Kosten\u00fcbernahme oder Bezuschussung von Gesundheitsma\u00dfnahmen, Radleasing oder \u00c4hnlichem<\/li>\n<\/ul>\n<p style=\"text-align: left;\"><strong>Melde dich doch einfach bei uns zum Kennenlernen!<\/strong><\/p>\n<p>[\/et_pb_text][\/et_pb_column][\/et_pb_row][et_pb_row _builder_version=&#8220;4.27.4&#8243; _module_preset=&#8220;default&#8220; global_colors_info=&#8220;{}&#8220;][et_pb_column type=&#8220;4_4&#8243; _builder_version=&#8220;4.27.4&#8243; _module_preset=&#8220;default&#8220; global_colors_info=&#8220;{}&#8220;][et_pb_contact_form _builder_version=&#8220;4.27.5&#8243; _module_preset=&#8220;default&#8220; _unique_id=&#8220;0c512471-7b6c-4efb-83d0-83599425b6f7&#8243; hover_enabled=&#8220;0&#8243; global_colors_info=&#8220;{}&#8220; email=&#8220;w.kronschnabel@t-online.de&#8220; title=&#8220;Bitte hier ausf\u00fcllen:&#8220; success_message=&#8220;Danke f\u00fcr Ihre Nachricht, wir melden uns super schnell bei Ihnen!&#8220; submit_button_text=&#8220;Absenden&#8220; title_font_size=&#8220;18px&#8220; custom_button=&#8220;on&#8220; button_text_color=&#8220;#52784b&#8220; sticky_enabled=&#8220;0&#8243;][et_pb_contact_field field_id=&#8220;Name&#8220; field_title=&#8220;Name &#8220; _builder_version=&#8220;4.27.5&#8243; hover_enabled=&#8220;0&#8243; global_colors_info=&#8220;{}&#8220; button_text_size__hover_enabled=&#8220;off&#8220; button_one_text_size__hover_enabled=&#8220;off&#8220; button_two_text_size__hover_enabled=&#8220;off&#8220; button_text_color__hover_enabled=&#8220;off&#8220; button_one_text_color__hover_enabled=&#8220;off&#8220; button_two_text_color__hover_enabled=&#8220;off&#8220; button_border_width__hover_enabled=&#8220;off&#8220; button_one_border_width__hover_enabled=&#8220;off&#8220; button_two_border_width__hover_enabled=&#8220;off&#8220; button_border_color__hover_enabled=&#8220;off&#8220; button_one_border_color__hover_enabled=&#8220;off&#8220; button_two_border_color__hover_enabled=&#8220;off&#8220; button_border_radius__hover_enabled=&#8220;off&#8220; button_one_border_radius__hover_enabled=&#8220;off&#8220; button_two_border_radius__hover_enabled=&#8220;off&#8220; button_letter_spacing__hover_enabled=&#8220;off&#8220; button_one_letter_spacing__hover_enabled=&#8220;off&#8220; button_two_letter_spacing__hover_enabled=&#8220;off&#8220; button_bg_color__hover_enabled=&#8220;off&#8220; button_one_bg_color__hover_enabled=&#8220;off&#8220; button_two_bg_color__hover_enabled=&#8220;off&#8220; sticky_enabled=&#8220;0&#8243;][\/et_pb_contact_field][et_pb_contact_field field_id=&#8220;Email&#8220; field_title=&#8220;E-Mail-Adresse&#8220; field_type=&#8220;email&#8220; _builder_version=&#8220;4.16&#8243; global_colors_info=&#8220;{}&#8220; button_text_size__hover_enabled=&#8220;off&#8220; button_one_text_size__hover_enabled=&#8220;off&#8220; button_two_text_size__hover_enabled=&#8220;off&#8220; button_text_color__hover_enabled=&#8220;off&#8220; button_one_text_color__hover_enabled=&#8220;off&#8220; button_two_text_color__hover_enabled=&#8220;off&#8220; button_border_width__hover_enabled=&#8220;off&#8220; button_one_border_width__hover_enabled=&#8220;off&#8220; button_two_border_width__hover_enabled=&#8220;off&#8220; button_border_color__hover_enabled=&#8220;off&#8220; button_one_border_color__hover_enabled=&#8220;off&#8220; button_two_border_color__hover_enabled=&#8220;off&#8220; button_border_radius__hover_enabled=&#8220;off&#8220; button_one_border_radius__hover_enabled=&#8220;off&#8220; button_two_border_radius__hover_enabled=&#8220;off&#8220; button_letter_spacing__hover_enabled=&#8220;off&#8220; button_one_letter_spacing__hover_enabled=&#8220;off&#8220; button_two_letter_spacing__hover_enabled=&#8220;off&#8220; button_bg_color__hover_enabled=&#8220;off&#8220; button_one_bg_color__hover_enabled=&#8220;off&#8220; button_two_bg_color__hover_enabled=&#8220;off&#8220;][\/et_pb_contact_field][et_pb_contact_field field_id=&#8220;Message&#8220; field_title=&#8220;Nachricht&#8220; field_type=&#8220;text&#8220; fullwidth_field=&#8220;on&#8220; _builder_version=&#8220;4.16&#8243; global_colors_info=&#8220;{}&#8220; button_text_size__hover_enabled=&#8220;off&#8220; button_one_text_size__hover_enabled=&#8220;off&#8220; button_two_text_size__hover_enabled=&#8220;off&#8220; button_text_color__hover_enabled=&#8220;off&#8220; button_one_text_color__hover_enabled=&#8220;off&#8220; button_two_text_color__hover_enabled=&#8220;off&#8220; button_border_width__hover_enabled=&#8220;off&#8220; button_one_border_width__hover_enabled=&#8220;off&#8220; button_two_border_width__hover_enabled=&#8220;off&#8220; button_border_color__hover_enabled=&#8220;off&#8220; button_one_border_color__hover_enabled=&#8220;off&#8220; button_two_border_color__hover_enabled=&#8220;off&#8220; button_border_radius__hover_enabled=&#8220;off&#8220; button_one_border_radius__hover_enabled=&#8220;off&#8220; button_two_border_radius__hover_enabled=&#8220;off&#8220; button_letter_spacing__hover_enabled=&#8220;off&#8220; button_one_letter_spacing__hover_enabled=&#8220;off&#8220; button_two_letter_spacing__hover_enabled=&#8220;off&#8220; button_bg_color__hover_enabled=&#8220;off&#8220; button_one_bg_color__hover_enabled=&#8220;off&#8220; button_two_bg_color__hover_enabled=&#8220;off&#8220;][\/et_pb_contact_field][\/et_pb_contact_form][\/et_pb_column][\/et_pb_row][\/et_pb_section]<\/p>\n","protected":false},"excerpt":{"rendered":"<p>Stellenangebot Physiotherapeut &nbsp; Hast du auch schon zig Stellenangebote oder Job \u2013 Angebote f\u00fcr Physiotherapeuten durchforstet? Du bist Physiotherapeut (m\/w\/d), hast Fortbildungen in MT \/ LY oder Osteopathie? Du m\u00f6chtest eine Anstellung als Physiotherapeut im Landkreis Deggendorf oder sogar in der Stadt Osterhofen? \u2026 dann haben wir was f\u00fcr dich! und zwar ein motiviertes Team [&hellip;]<\/p>\n","protected":false},"author":1,"featured_media":0,"parent":0,"menu_order":0,"comment_status":"closed","ping_status":"closed","template":"","meta":{"_et_pb_use_builder":"on","_et_pb_old_content":"","_et_gb_content_width":"","footnotes":""},"class_list":["post-81","page","type-page","status-publish","hentry"],"_links":{"self":[{"href":"https:\/\/therapiezentrum-kronschnabel.de\/physiotherapie\/wp-json\/wp\/v2\/pages\/81","targetHints":{"allow":["GET"]}}],"collection":[{"href":"https:\/\/therapiezentrum-kronschnabel.de\/physiotherapie\/wp-json\/wp\/v2\/pages"}],"about":[{"href":"https:\/\/therapiezentrum-kronschnabel.de\/physiotherapie\/wp-json\/wp\/v2\/types\/page"}],"author":[{"embeddable":true,"href":"https:\/\/therapiezentrum-kronschnabel.de\/physiotherapie\/wp-json\/wp\/v2\/users\/1"}],"replies":[{"embeddable":true,"href":"https:\/\/therapiezentrum-kronschnabel.de\/physiotherapie\/wp-json\/wp\/v2\/comments?post=81"}],"version-history":[{"count":10,"href":"https:\/\/therapiezentrum-kronschnabel.de\/physiotherapie\/wp-json\/wp\/v2\/pages\/81\/revisions"}],"predecessor-version":[{"id":137,"href":"https:\/\/therapiezentrum-kronschnabel.de\/physiotherapie\/wp-json\/wp\/v2\/pages\/81\/revisions\/137"}],"wp:attachment":[{"href":"https:\/\/therapiezentrum-kronschnabel.de\/physiotherapie\/wp-json\/wp\/v2\/media?parent=81"}],"curies":[{"name":"wp","href":"https:\/\/api.w.org\/{rel}","templated":true}]}}